{"id":84,"date":"2026-03-29T10:02:49","date_gmt":"2026-03-29T08:02:49","guid":{"rendered":"https:\/\/veda.fzs.ujep.cz\/?page_id=84"},"modified":"2026-03-29T10:02:50","modified_gmt":"2026-03-29T08:02:50","slug":"data-repository","status":"publish","type":"page","link":"https:\/\/veda.fzs.ujep.cz\/index.php\/data-repository\/","title":{"rendered":"Data repository"},"content":{"rendered":"\n<h2 class=\"wp-block-heading\">\ud83c\udde8\ud83c\uddff Data Depository<\/h2>\n\n\n\n<p>Tato str\u00e1nka slou\u017e\u00ed jako centr\u00e1ln\u00ed \u00falo\u017ei\u0161t\u011b prim\u00e1rn\u00edch dat klinick\u00fdch studi\u00ed realizovan\u00fdch Centrem klinick\u00e9ho v\u00fdzkumu FZS UJEP a KZ a.s. Na\u0161\u00edm c\u00edlem je podpora transparentnosti, otev\u0159en\u00e9 v\u011bdy a mo\u017enosti dal\u0161\u00edho v\u011bdeck\u00e9ho vyu\u017eit\u00ed z\u00edskan\u00fdch dat.<\/p>\n\n\n\n<p>Zde jsou zp\u0159\u00edstup\u0148ov\u00e1ny odkazy na anonymizovan\u00e1 prim\u00e1rn\u00ed data jednotliv\u00fdch studi\u00ed. Data jsou poskytov\u00e1na v souladu s etick\u00fdmi standardy, legislativn\u00edmi po\u017eadavky a z\u00e1sadami ochrany osobn\u00edch \u00fadaj\u016f.<\/p>\n\n\n\n<p>U\u017eivatel\u00e9 mohou tato data vyu\u017e\u00edt pro sekund\u00e1rn\u00ed anal\u00fdzy, validaci v\u00fdsledk\u016f nebo dal\u0161\u00ed v\u00fdzkumn\u00e9 \u00fa\u010dely. &nbsp;Metodologie studi\u00ed je uvedena v protokolech p\u0159\u00edstupn\u00fdch v registru studi\u00ed (clinicaltrials.gov nebo v intern\u00edm registru Centra).&nbsp;<\/p>\n\n\n\n<p>N\u00e1zvy soubor\u016f prim\u00e1rn\u00edch dat v\u017edy nesou ID registrace (preferen\u010dn\u011b NCT dle registru clinicaltrials.gov).<\/p>\n\n\n\n<hr class=\"wp-block-separator has-alpha-channel-opacity\"\/>\n\n\n\n<h2 class=\"wp-block-heading\">\ud83c\uddec\ud83c\udde7 Data Depository<\/h2>\n\n\n\n<p>This page serves as a central repository for primary data from clinical studies conducted by the Center. Its purpose is to support transparency, open science, and the broader scientific use of collected data.<\/p>\n\n\n\n<p>Below, you will find links to anonymized primary datasets from individual studies. All data are shared in compliance with ethical standards, regulatory requirements, and data protection principles.<\/p>\n\n\n\n<p>Users may utilize these datasets for secondary analyses, validation of results, or further research purposes. Detailed study methodologies are available through registration on ClinicalTrials.gov or directly in the Center\u2019s registry.<\/p>\n\n\n\n<p>File names of primary datasets always include the study registration ID (preferably the NCT identifier from ClinicalTrials.gov).<\/p>\n\n\n\n<hr class=\"wp-block-separator has-alpha-channel-opacity\"\/>\n\n\n\n<h2 class=\"wp-block-heading\">Ke sta\u017een\u00ed\/Downloads<\/h2>\n\n\n\n<ul class=\"wp-block-list\">\n<li><a href=\"https:\/\/veda.fzs.ujep.cz\/wp-content\/uploads\/2026\/03\/primary_data_fluidvsweight_NCT07474116.xlsx\">primary_data_fluidvsweight_NCT07474116<\/a><\/li>\n<\/ul>\n\n\n\n<p><\/p>\n","protected":false},"excerpt":{"rendered":"<p>\ud83c\udde8\ud83c\uddff Data Depository Tato str\u00e1nka slou\u017e\u00ed jako centr\u00e1ln\u00ed \u00falo\u017ei\u0161t\u011b prim\u00e1rn\u00edch dat klinick\u00fdch studi\u00ed realizovan\u00fdch Centrem klinick\u00e9ho v\u00fdzkumu FZS UJEP a KZ a.s. Na\u0161\u00edm c\u00edlem je podpora transparentnosti, otev\u0159en\u00e9 v\u011bdy a &#8230;<\/p>\n","protected":false},"author":1,"featured_media":0,"parent":0,"menu_order":0,"comment_status":"closed","ping_status":"closed","template":"","meta":{"footnotes":""},"class_list":["post-84","page","type-page","status-publish","hentry"],"_links":{"self":[{"href":"https:\/\/veda.fzs.ujep.cz\/index.php\/wp-json\/wp\/v2\/pages\/84","targetHints":{"allow":["GET"]}}],"collection":[{"href":"https:\/\/veda.fzs.ujep.cz\/index.php\/wp-json\/wp\/v2\/pages"}],"about":[{"href":"https:\/\/veda.fzs.ujep.cz\/index.php\/wp-json\/wp\/v2\/types\/page"}],"author":[{"embeddable":true,"href":"https:\/\/veda.fzs.ujep.cz\/index.php\/wp-json\/wp\/v2\/users\/1"}],"replies":[{"embeddable":true,"href":"https:\/\/veda.fzs.ujep.cz\/index.php\/wp-json\/wp\/v2\/comments?post=84"}],"version-history":[{"count":1,"href":"https:\/\/veda.fzs.ujep.cz\/index.php\/wp-json\/wp\/v2\/pages\/84\/revisions"}],"predecessor-version":[{"id":86,"href":"https:\/\/veda.fzs.ujep.cz\/index.php\/wp-json\/wp\/v2\/pages\/84\/revisions\/86"}],"wp:attachment":[{"href":"https:\/\/veda.fzs.ujep.cz\/index.php\/wp-json\/wp\/v2\/media?parent=84"}],"curies":[{"name":"wp","href":"https:\/\/api.w.org\/{rel}","templated":true}]}}