{"id":2,"date":"2025-11-05T09:45:48","date_gmt":"2025-11-05T08:45:48","guid":{"rendered":"https:\/\/veda.fzs.ujep.cz\/?page_id=2"},"modified":"2025-12-22T11:07:01","modified_gmt":"2025-12-22T10:07:01","slug":"zkusebni-stranka","status":"publish","type":"page","link":"https:\/\/veda.fzs.ujep.cz\/","title":{"rendered":"\u00davodn\u00ed informace"},"content":{"rendered":"\n<p>Zde naleznete \u00favodn\u00ed informace o na\u0161em centru.<\/p>\n\n\n\n<p class=\"has-medium-font-size\"><strong>Nejnov\u011bj\u0161\u00ed p\u0159\u00edsp\u011bvky<\/strong><\/p>\n\n\n<ul class=\"wp-block-latest-posts__list wp-block-latest-posts\"><li><a class=\"wp-block-latest-posts__post-title\" href=\"https:\/\/veda.fzs.ujep.cz\/index.php\/2026\/03\/29\/studie-24-hour-weight-change-vs-fluid-balance\/\">Studie &#8222;24 hour weight change vs fluid balance&#8220;<\/a><\/li>\n<li><a class=\"wp-block-latest-posts__post-title\" href=\"https:\/\/veda.fzs.ujep.cz\/index.php\/2026\/01\/20\/studie-sacovlmrct-id-19052025\/\">Studie SACOVLMRCT (ID 19052025)<\/a><\/li>\n<\/ul>\n\n\n<p><\/p>\n","protected":false},"excerpt":{"rendered":"<p>Zde naleznete \u00favodn\u00ed informace o na\u0161em centru. Nejnov\u011bj\u0161\u00ed p\u0159\u00edsp\u011bvky<\/p>\n","protected":false},"author":1,"featured_media":0,"parent":0,"menu_order":0,"comment_status":"closed","ping_status":"open","template":"","meta":{"footnotes":""},"class_list":["post-2","page","type-page","status-publish","hentry"],"_links":{"self":[{"href":"https:\/\/veda.fzs.ujep.cz\/index.php\/wp-json\/wp\/v2\/pages\/2","targetHints":{"allow":["GET"]}}],"collection":[{"href":"https:\/\/veda.fzs.ujep.cz\/index.php\/wp-json\/wp\/v2\/pages"}],"about":[{"href":"https:\/\/veda.fzs.ujep.cz\/index.php\/wp-json\/wp\/v2\/types\/page"}],"author":[{"embeddable":true,"href":"https:\/\/veda.fzs.ujep.cz\/index.php\/wp-json\/wp\/v2\/users\/1"}],"replies":[{"embeddable":true,"href":"https:\/\/veda.fzs.ujep.cz\/index.php\/wp-json\/wp\/v2\/comments?post=2"}],"version-history":[{"count":2,"href":"https:\/\/veda.fzs.ujep.cz\/index.php\/wp-json\/wp\/v2\/pages\/2\/revisions"}],"predecessor-version":[{"id":45,"href":"https:\/\/veda.fzs.ujep.cz\/index.php\/wp-json\/wp\/v2\/pages\/2\/revisions\/45"}],"wp:attachment":[{"href":"https:\/\/veda.fzs.ujep.cz\/index.php\/wp-json\/wp\/v2\/media?parent=2"}],"curies":[{"name":"wp","href":"https:\/\/api.w.org\/{rel}","templated":true}]}}